{"id":264,"date":"2024-08-31T15:38:26","date_gmt":"2024-08-31T15:38:26","guid":{"rendered":"https:\/\/atlascph.dk\/?page_id=264"},"modified":"2024-10-07T16:59:22","modified_gmt":"2024-10-07T16:59:22","slug":"atlas-cph-2","status":"publish","type":"page","link":"https:\/\/atlascph.dk\/?page_id=264","title":{"rendered":"Atlas CPH"},"content":{"rendered":"\n<p>Atlas CPH performs and premieres some of the most demanding works for woodwind quintet. They also often ventures into new interpretations of modern classics and new interpretations of masterworks for orchestra.&nbsp;<br>For example, the fascinating \u201cWhirl\u2019s World\u201d by Per N\u00f8rg\u00e5rd, \u201cLe sacre du printemps\u201d by Stravinsky and Harbison\u2019s Wind Quintet are part of Atlas CPH\u2019s core repertoire.<br>In 2024 Atlas CPH has commissioned new works by Peter Bruun.<\/p>\n\n\n\n<p><strong>Wind quintet with roots in<a href=\"https:\/\/athelas.dk\">\u00a0Athelas Sinfonietta Copenhagen<\/a><\/strong>\u00a0, Denmark\u2019s leading contemporary music ensemble.<br>Atlas CPH made its official debut in 2023 as a participant in Musikhuset K\u00f8benhavn,  new project, V\u00e6kst. However, the five musicians who come from five different countries have played together for many years. They all play in Athelas Copenhagen Sinfonietta, where they are permanent members, at the exception of the French horn player who is a permanent member of the Esbjerg Ensemble. Under Athelas, they have played many concerts together, also regular wind quintet concerts.<\/p>\n\n\n\n<p><\/p>\n\n\n\n<h3 class=\"wp-block-heading\">dansk\/<\/h3>\n\n\n\n<p>Atlas CPH opf\u00f8rer og uropf\u00f8rer de mest kr\u00e6vende v\u00e6rker for deres bes\u00e6tning, og kaster sig tit ud i nye fortolkninger af moderne klassikere og nye versioner af st\u00f8rre v\u00e6rker. S\u00e5ledes er den fascinerende \u201dWhirl\u2019s World\u201d af Per N\u00f8rg\u00e5rd og \u201dLe sacre\u201d af Stravinsky, del af Atlas CPHs kernerepertoire.<\/p>\n\n\n\n<p><strong>Bl\u00e6serkvintet med r\u00f8dder i\u00a0<a href=\"https:\/\/athelas.dk\">Athelas Sinfonietta Copenhagen<\/a><\/strong><br>Atlas CPH fik sin officielle debut i 2023 som deltager i K\u00f8benhavns Musikhus\u2019 ny projekt, V\u00e6kst, men har mange koncerter i bagagen. De fem musikere, som stammer fra hele fem forskellige lande, spiller nemlig i Athelas Sinfonietta Copenhagen, hvor de er faste medlem, undtaget hornisten som er fast medlem af Esbjerg Ensemblet. I Athelas regi har de spillet mange koncerter sammen, ogs\u00e5 rene bl\u00e6serkvintet koncerter.<\/p>\n","protected":false},"excerpt":{"rendered":"<p>Atlas CPH performs and premieres some of the most demanding works for woodwind quintet. They also often ventures into new [&hellip;]<\/p>\n","protected":false},"author":1,"featured_media":0,"parent":0,"menu_order":0,"comment_status":"closed","ping_status":"closed","template":"","meta":{"site-sidebar-layout":"default","site-content-layout":"","ast-site-content-layout":"","site-content-style":"default","site-sidebar-style":"default","ast-global-header-display":"","ast-banner-title-visibility":"","ast-main-header-display":"","ast-hfb-above-header-display":"","ast-hfb-below-header-display":"","ast-hfb-mobile-header-display":"","site-post-title":"","ast-breadcrumbs-content":"","ast-featured-img":"","footer-sml-layout":"","theme-transparent-header-meta":"","adv-header-id-meta":"","stick-header-meta":"","header-above-stick-meta":"","header-main-stick-meta":"","header-below-stick-meta":"","astra-migrate-meta-layouts":"default","ast-page-background-enabled":"default","ast-page-background-meta":{"desktop":{"background-color":"var(--ast-global-color-4)","background-image":"","background-repeat":"repeat","background-position":"center center","background-size":"auto","background-attachment":"scroll","background-type":"","background-media":"","overlay-type":"","overlay-color":"","overlay-opacity":"","overlay-gradient":""},"tablet":{"background-color":"","background-image":"","background-repeat":"repeat","background-position":"center center","background-size":"auto","background-attachment":"scroll","background-type":"","background-media":"","overlay-type":"","overlay-color":"","overlay-opacity":"","overlay-gradient":""},"mobile":{"background-color":"","background-image":"","background-repeat":"repeat","background-position":"center center","background-size":"auto","background-attachment":"scroll","background-type":"","background-media":"","overlay-type":"","overlay-color":"","overlay-opacity":"","overlay-gradient":""}},"ast-content-background-meta":{"desktop":{"background-color":"var(--ast-global-color-5)","background-image":"","background-repeat":"repeat","background-position":"center center","background-size":"auto","background-attachment":"scroll","background-type":"","background-media":"","overlay-type":"","overlay-color":"","overlay-opacity":"","overlay-gradient":""},"tablet":{"background-color":"var(--ast-global-color-5)","background-image":"","background-repeat":"repeat","background-position":"center center","background-size":"auto","background-attachment":"scroll","background-type":"","background-media":"","overlay-type":"","overlay-color":"","overlay-opacity":"","overlay-gradient":""},"mobile":{"background-color":"var(--ast-global-color-5)","background-image":"","background-repeat":"repeat","background-position":"center center","background-size":"auto","background-attachment":"scroll","background-type":"","background-media":"","overlay-type":"","overlay-color":"","overlay-opacity":"","overlay-gradient":""}},"footnotes":""},"class_list":["post-264","page","type-page","status-publish","hentry"],"yoast_head":"<!-- This site is optimized with the Yoast SEO plugin v23.3 - https:\/\/yoast.com\/wordpress\/plugins\/seo\/ -->\n<title>Atlas CPH - Atlas CPH - fearless Woodwind Quintet<\/title>\n<meta name=\"description\" content=\"Atlas CPH performs and premieres some of the most demanding works for woodwind quintet. They also often ventures into new interpretations of modern classics and new interpretations of masterworks for orchestra such as &quot;Le Sacre du Printemps&quot; by Stravinsky.\" \/>\n<meta name=\"robots\" content=\"index, follow, max-snippet:-1, max-image-preview:large, max-video-preview:-1\" \/>\n<link rel=\"canonical\" href=\"https:\/\/atlascph.dk\/?page_id=264\" \/>\n<meta property=\"og:locale\" content=\"en_US\" \/>\n<meta property=\"og:type\" content=\"article\" \/>\n<meta property=\"og:title\" content=\"Atlas CPH - Atlas CPH - fearless Woodwind Quintet\" \/>\n<meta property=\"og:description\" content=\"Atlas CPH performs and premieres some of the most demanding works for woodwind quintet. They also often ventures into new interpretations of modern classics and new interpretations of masterworks for orchestra such as &quot;Le Sacre du Printemps&quot; by Stravinsky.\" \/>\n<meta property=\"og:url\" content=\"https:\/\/atlascph.dk\/?page_id=264\" \/>\n<meta property=\"og:site_name\" content=\"Atlas CPH - fearless Woodwind Quintet\" \/>\n<meta property=\"article:modified_time\" content=\"2024-10-07T16:59:22+00:00\" \/>\n<meta property=\"og:image\" content=\"https:\/\/atlascph.dk\/wp-content\/uploads\/2024\/08\/20231018-DSCF1045-scaled.jpg\" \/>\n\t<meta property=\"og:image:width\" content=\"2560\" \/>\n\t<meta property=\"og:image:height\" content=\"1707\" \/>\n\t<meta property=\"og:image:type\" content=\"image\/jpeg\" \/>\n<meta name=\"twitter:card\" content=\"summary_large_image\" \/>\n<meta name=\"twitter:label1\" content=\"Est. reading time\" \/>\n\t<meta name=\"twitter:data1\" content=\"2 minutes\" \/>\n<script type=\"application\/ld+json\" class=\"yoast-schema-graph\">{\"@context\":\"https:\/\/schema.org\",\"@graph\":[{\"@type\":\"WebPage\",\"@id\":\"https:\/\/atlascph.dk\/?page_id=264\",\"url\":\"https:\/\/atlascph.dk\/?page_id=264\",\"name\":\"Atlas CPH - Atlas CPH - fearless Woodwind Quintet\",\"isPartOf\":{\"@id\":\"https:\/\/atlascph.dk\/#website\"},\"datePublished\":\"2024-08-31T15:38:26+00:00\",\"dateModified\":\"2024-10-07T16:59:22+00:00\",\"description\":\"Atlas CPH performs and premieres some of the most demanding works for woodwind quintet. They also often ventures into new interpretations of modern classics and new interpretations of masterworks for orchestra such as \\\"Le Sacre du Printemps\\\" by Stravinsky.\",\"breadcrumb\":{\"@id\":\"https:\/\/atlascph.dk\/?page_id=264#breadcrumb\"},\"inLanguage\":\"en-US\",\"potentialAction\":[{\"@type\":\"ReadAction\",\"target\":[\"https:\/\/atlascph.dk\/?page_id=264\"]}]},{\"@type\":\"BreadcrumbList\",\"@id\":\"https:\/\/atlascph.dk\/?page_id=264#breadcrumb\",\"itemListElement\":[{\"@type\":\"ListItem\",\"position\":1,\"name\":\"Home\",\"item\":\"https:\/\/atlascph.dk\/\"},{\"@type\":\"ListItem\",\"position\":2,\"name\":\"Atlas CPH\"}]},{\"@type\":\"WebSite\",\"@id\":\"https:\/\/atlascph.dk\/#website\",\"url\":\"https:\/\/atlascph.dk\/\",\"name\":\"Atlas CPH - fearless Woodwind Quintet\",\"description\":\"Fearless Woodwind Quintet\",\"publisher\":{\"@id\":\"https:\/\/atlascph.dk\/#organization\"},\"potentialAction\":[{\"@type\":\"SearchAction\",\"target\":{\"@type\":\"EntryPoint\",\"urlTemplate\":\"https:\/\/atlascph.dk\/?s={search_term_string}\"},\"query-input\":\"required name=search_term_string\"}],\"inLanguage\":\"en-US\"},{\"@type\":\"Organization\",\"@id\":\"https:\/\/atlascph.dk\/#organization\",\"name\":\"Atlas CPH\",\"url\":\"https:\/\/atlascph.dk\/\",\"logo\":{\"@type\":\"ImageObject\",\"inLanguage\":\"en-US\",\"@id\":\"https:\/\/atlascph.dk\/#\/schema\/logo\/image\/\",\"url\":\"https:\/\/atlascph.dk\/wp-content\/uploads\/2024\/08\/cropped-20231018-DSCF1045-scaled-1.jpg\",\"contentUrl\":\"https:\/\/atlascph.dk\/wp-content\/uploads\/2024\/08\/cropped-20231018-DSCF1045-scaled-1.jpg\",\"width\":512,\"height\":512,\"caption\":\"Atlas CPH\"},\"image\":{\"@id\":\"https:\/\/atlascph.dk\/#\/schema\/logo\/image\/\"}}]}<\/script>\n<!-- \/ Yoast SEO plugin. -->","yoast_head_json":{"title":"Atlas CPH - Atlas CPH - fearless Woodwind Quintet","description":"Atlas CPH performs and premieres some of the most demanding works for woodwind quintet. They also often ventures into new interpretations of modern classics and new interpretations of masterworks for orchestra such as \"Le Sacre du Printemps\" by Stravinsky.","robots":{"index":"index","follow":"follow","max-snippet":"max-snippet:-1","max-image-preview":"max-image-preview:large","max-video-preview":"max-video-preview:-1"},"canonical":"https:\/\/atlascph.dk\/?page_id=264","og_locale":"en_US","og_type":"article","og_title":"Atlas CPH - Atlas CPH - fearless Woodwind Quintet","og_description":"Atlas CPH performs and premieres some of the most demanding works for woodwind quintet. They also often ventures into new interpretations of modern classics and new interpretations of masterworks for orchestra such as \"Le Sacre du Printemps\" by Stravinsky.","og_url":"https:\/\/atlascph.dk\/?page_id=264","og_site_name":"Atlas CPH - fearless Woodwind Quintet","article_modified_time":"2024-10-07T16:59:22+00:00","og_image":[{"width":2560,"height":1707,"url":"https:\/\/atlascph.dk\/wp-content\/uploads\/2024\/08\/20231018-DSCF1045-scaled.jpg","type":"image\/jpeg"}],"twitter_card":"summary_large_image","twitter_misc":{"Est. reading time":"2 minutes"},"schema":{"@context":"https:\/\/schema.org","@graph":[{"@type":"WebPage","@id":"https:\/\/atlascph.dk\/?page_id=264","url":"https:\/\/atlascph.dk\/?page_id=264","name":"Atlas CPH - Atlas CPH - fearless Woodwind Quintet","isPartOf":{"@id":"https:\/\/atlascph.dk\/#website"},"datePublished":"2024-08-31T15:38:26+00:00","dateModified":"2024-10-07T16:59:22+00:00","description":"Atlas CPH performs and premieres some of the most demanding works for woodwind quintet. They also often ventures into new interpretations of modern classics and new interpretations of masterworks for orchestra such as \"Le Sacre du Printemps\" by Stravinsky.","breadcrumb":{"@id":"https:\/\/atlascph.dk\/?page_id=264#breadcrumb"},"inLanguage":"en-US","potentialAction":[{"@type":"ReadAction","target":["https:\/\/atlascph.dk\/?page_id=264"]}]},{"@type":"BreadcrumbList","@id":"https:\/\/atlascph.dk\/?page_id=264#breadcrumb","itemListElement":[{"@type":"ListItem","position":1,"name":"Home","item":"https:\/\/atlascph.dk\/"},{"@type":"ListItem","position":2,"name":"Atlas CPH"}]},{"@type":"WebSite","@id":"https:\/\/atlascph.dk\/#website","url":"https:\/\/atlascph.dk\/","name":"Atlas CPH - fearless Woodwind Quintet","description":"Fearless Woodwind Quintet","publisher":{"@id":"https:\/\/atlascph.dk\/#organization"},"potentialAction":[{"@type":"SearchAction","target":{"@type":"EntryPoint","urlTemplate":"https:\/\/atlascph.dk\/?s={search_term_string}"},"query-input":"required name=search_term_string"}],"inLanguage":"en-US"},{"@type":"Organization","@id":"https:\/\/atlascph.dk\/#organization","name":"Atlas CPH","url":"https:\/\/atlascph.dk\/","logo":{"@type":"ImageObject","inLanguage":"en-US","@id":"https:\/\/atlascph.dk\/#\/schema\/logo\/image\/","url":"https:\/\/atlascph.dk\/wp-content\/uploads\/2024\/08\/cropped-20231018-DSCF1045-scaled-1.jpg","contentUrl":"https:\/\/atlascph.dk\/wp-content\/uploads\/2024\/08\/cropped-20231018-DSCF1045-scaled-1.jpg","width":512,"height":512,"caption":"Atlas CPH"},"image":{"@id":"https:\/\/atlascph.dk\/#\/schema\/logo\/image\/"}}]}},"_links":{"self":[{"href":"https:\/\/atlascph.dk\/index.php?rest_route=\/wp\/v2\/pages\/264","targetHints":{"allow":["GET"]}}],"collection":[{"href":"https:\/\/atlascph.dk\/index.php?rest_route=\/wp\/v2\/pages"}],"about":[{"href":"https:\/\/atlascph.dk\/index.php?rest_route=\/wp\/v2\/types\/page"}],"author":[{"embeddable":true,"href":"https:\/\/atlascph.dk\/index.php?rest_route=\/wp\/v2\/users\/1"}],"replies":[{"embeddable":true,"href":"https:\/\/atlascph.dk\/index.php?rest_route=%2Fwp%2Fv2%2Fcomments&post=264"}],"version-history":[{"count":3,"href":"https:\/\/atlascph.dk\/index.php?rest_route=\/wp\/v2\/pages\/264\/revisions"}],"predecessor-version":[{"id":348,"href":"https:\/\/atlascph.dk\/index.php?rest_route=\/wp\/v2\/pages\/264\/revisions\/348"}],"wp:attachment":[{"href":"https:\/\/atlascph.dk\/index.php?rest_route=%2Fwp%2Fv2%2Fmedia&parent=264"}],"curies":[{"name":"wp","href":"https:\/\/api.w.org\/{rel}","templated":true}]}}