{"id":259,"date":"2024-08-31T15:17:46","date_gmt":"2024-08-31T15:17:46","guid":{"rendered":"https:\/\/atlascph.dk\/?page_id=259"},"modified":"2026-01-28T11:16:01","modified_gmt":"2026-01-28T11:16:01","slug":"members","status":"publish","type":"page","link":"https:\/\/atlascph.dk\/?page_id=259","title":{"rendered":"members"},"content":{"rendered":"\n<p><\/p>\n\n\n\n<div class=\"wp-block-media-text is-stacked-on-mobile is-vertically-aligned-top\"><figure class=\"wp-block-media-text__media\"><img loading=\"lazy\" decoding=\"async\" width=\"1024\" height=\"791\" src=\"https:\/\/atlascph.dk\/wp-content\/uploads\/2024\/08\/HeleneNavasse-1024x791.png\" alt=\"\" class=\"wp-image-270 size-full\" srcset=\"https:\/\/atlascph.dk\/wp-content\/uploads\/2024\/08\/HeleneNavasse-1024x791.png 1024w, https:\/\/atlascph.dk\/wp-content\/uploads\/2024\/08\/HeleneNavasse-300x232.png 300w, https:\/\/atlascph.dk\/wp-content\/uploads\/2024\/08\/HeleneNavasse-768x593.png 768w, https:\/\/atlascph.dk\/wp-content\/uploads\/2024\/08\/HeleneNavasse-1536x1187.png 1536w, https:\/\/atlascph.dk\/wp-content\/uploads\/2024\/08\/HeleneNavasse-2048x1583.png 2048w\" sizes=\"auto, (max-width: 1024px) 100vw, 1024px\" \/><\/figure><div class=\"wp-block-media-text__content\">\n<p><strong>H\u00e9l\u00e8ne Navasse , flutes<\/strong><br>H\u00e9l\u00e8ne is flutist in Athelas Sinfonietta Copenhagen.<br>She is former co-solo flutist from Aarhus Symphony Orchestra. <br><br>She studied in France where she comes from, and won the solo position in Ensemble Polychromie when she was 18. H\u00e9l\u00e8ne is recognised as &#8220;a catalisator for the new music, an inspiration for composers&#8221; and has numerous pieces dedicated to her, often with multiples flutes. With a particular passion for contemporary music, she has collaborated with ensembles such as Klang Forum Wien, MusikFabrik, Schoenberg Ensemble, Caput and Ensemble Intercontemporain.<br>She has also performed as a soloist and chamber musician from USA to Japan, and Island to Libanon. <br><br>H\u00e9l\u00e8ne holds soloist degrees from both Amsterdam Music Conservatorium and The Royal Danish Conservatorium.<\/p>\n<\/div><\/div>\n\n\n\n<p><\/p>\n\n\n\n<p><\/p>\n\n\n\n<div class=\"wp-block-media-text is-stacked-on-mobile\" style=\"grid-template-columns:39% auto\"><figure class=\"wp-block-media-text__media\"><img loading=\"lazy\" decoding=\"async\" width=\"822\" height=\"1024\" src=\"https:\/\/atlascph.dk\/wp-content\/uploads\/2024\/09\/AtlasCPHLiza-1-822x1024.jpeg\" alt=\"\" class=\"wp-image-335 size-full\" srcset=\"https:\/\/atlascph.dk\/wp-content\/uploads\/2024\/09\/AtlasCPHLiza-1-822x1024.jpeg 822w, https:\/\/atlascph.dk\/wp-content\/uploads\/2024\/09\/AtlasCPHLiza-1-241x300.jpeg 241w, https:\/\/atlascph.dk\/wp-content\/uploads\/2024\/09\/AtlasCPHLiza-1-768x957.jpeg 768w, https:\/\/atlascph.dk\/wp-content\/uploads\/2024\/09\/AtlasCPHLiza-1.jpeg 1138w\" sizes=\"auto, (max-width: 822px) 100vw, 822px\" \/><\/figure><div class=\"wp-block-media-text__content\">\n<p><\/p>\n\n\n\n<p><\/p>\n\n\n\n<p><\/p>\n\n\n\n<p><strong>Elizabeth Gibbs, oboe &amp; english horn<\/strong><\/p>\n\n\n\n<p>\u201cLiza\u201d  has been affiliated with Athelas Sinfonietta Copenhagen since 2010 and has been a permanent member since 2016.<\/p>\n\n\n\n<p>In addition to her membership in Athelas, Liza regularly performs with major orchestras such as the Royal Danish Orchestra, the Odense Symphony Orchestra, and the Malm\u00f6 Symphony Orchestra. She was previously member of the  Orquestra de la Comunitat Valenciana under Lorin Maazel.<\/p>\n\n\n\n<p>Liza studied at Indiana University and the Manhattan School of Music under Joseph Robinson.<\/p>\n\n\n\n<p><\/p>\n\n\n\n<p><\/p>\n\n\n\n<p><\/p>\n\n\n\n<p><\/p>\n\n\n\n<p><\/p>\n\n\n\n<p><\/p>\n\n\n\n<p><\/p>\n\n\n\n<p><\/p>\n<\/div><\/div>\n\n\n\n<p><\/p>\n\n\n\n<div class=\"wp-block-media-text is-stacked-on-mobile\" style=\"grid-template-columns:49% auto\"><figure class=\"wp-block-media-text__media\"><img loading=\"lazy\" decoding=\"async\" width=\"1024\" height=\"683\" src=\"https:\/\/atlascph.dk\/wp-content\/uploads\/2024\/08\/396145495_816933133769283_4059648093829686078_n-1024x683.jpg\" alt=\"\" class=\"wp-image-185 size-full\" srcset=\"https:\/\/atlascph.dk\/wp-content\/uploads\/2024\/08\/396145495_816933133769283_4059648093829686078_n-1024x683.jpg 1024w, https:\/\/atlascph.dk\/wp-content\/uploads\/2024\/08\/396145495_816933133769283_4059648093829686078_n-300x200.jpg 300w, https:\/\/atlascph.dk\/wp-content\/uploads\/2024\/08\/396145495_816933133769283_4059648093829686078_n-768x512.jpg 768w, https:\/\/atlascph.dk\/wp-content\/uploads\/2024\/08\/396145495_816933133769283_4059648093829686078_n-1536x1024.jpg 1536w, https:\/\/atlascph.dk\/wp-content\/uploads\/2024\/08\/396145495_816933133769283_4059648093829686078_n.jpg 2048w\" sizes=\"auto, (max-width: 1024px) 100vw, 1024px\" \/><\/figure><div class=\"wp-block-media-text__content\">\n<p><strong>Anna Klett, clarinets<\/strong><\/p>\n\n\n\n<p>Anna is member of Athelas Sinfonietta Copenhagen, as well as member in the ensembles Figura and the duo klettWOOD. She is a co-founder of the Faroese chamber ensemble Aldub\u00e1ran. Anna has also received several awards, including the Danish Composers\u2019 Association\u2019s Musician Prize (2002) and the Danish Music Critics\u2019 Circle\u2019s Artist Prize (2003).<\/p>\n\n\n\n<p>Anna graduated from the Royal Danish Academy of Music (DKDM)  studying with J\u00f8rgen Musser and Bent Neuchs, and received a Premier Prix from the Conservatoire de Musique de Gen\u00e8ve, where she studied with Thomas Friedli.<\/p>\n<\/div><\/div>\n\n\n\n<p><\/p>\n\n\n\n<div class=\"wp-block-media-text is-stacked-on-mobile is-vertically-aligned-top\"><figure class=\"wp-block-media-text__media\"><img loading=\"lazy\" decoding=\"async\" width=\"1024\" height=\"683\" src=\"https:\/\/atlascph.dk\/wp-content\/uploads\/2024\/08\/395996871_816932957102634_422643746170638957_n-1024x683.jpg\" alt=\"\" class=\"wp-image-186 size-full\" srcset=\"https:\/\/atlascph.dk\/wp-content\/uploads\/2024\/08\/395996871_816932957102634_422643746170638957_n-1024x683.jpg 1024w, https:\/\/atlascph.dk\/wp-content\/uploads\/2024\/08\/395996871_816932957102634_422643746170638957_n-300x200.jpg 300w, https:\/\/atlascph.dk\/wp-content\/uploads\/2024\/08\/395996871_816932957102634_422643746170638957_n-768x512.jpg 768w, https:\/\/atlascph.dk\/wp-content\/uploads\/2024\/08\/395996871_816932957102634_422643746170638957_n-1536x1024.jpg 1536w, https:\/\/atlascph.dk\/wp-content\/uploads\/2024\/08\/395996871_816932957102634_422643746170638957_n.jpg 2048w\" sizes=\"auto, (max-width: 1024px) 100vw, 1024px\" \/><\/figure><div class=\"wp-block-media-text__content\">\n<p><strong>Ignas Ma\u017evila , fagot <\/strong><\/p>\n\n\n\n<p>Ignas is member of Athelas Sinfonieta Copenhagen and solo bassoonist of the Helsingborg Symphony Orchestra.<br>He has been the principal bassoonist of the Danish Chamber Orchestra <\/p>\n\n\n\n<p>As a guest principal bassoonist, he has performed with orchestras such as the Rotterdam Philharmonic, Singapore Symphony, Kremerata Baltica, Gothenburg Symphony, Copenhagen Philharmonic, Danish National Symphony, Mahler Jugendorchester, EUYO, Iceland Symphony, HALL\u00c9 Symphony, and many others.<\/p>\n\n\n\n<p>A highly regarded chamber musician, his name appears at festivals like Lockenhaus in Austria, Festival International de Musique de Chambre en Charente in France, Kalmarsund Summer Festival in Sweden, Fej\u00f8 Chamber Music Festival in Denmark, and Helsinki Chamber Music Festival in Finland. He has collaborated with artists such as Gidon Kremer, Alessandro Carbonare, and Dora Seres, among others.<\/p>\n\n\n\n<p>Born into a musical family in Vilnius, Lithuania, Ignas studied at the National M.K. \u010ciurlionis School of Arts with A. An\u010derevi\u010dius. He furthered his studies with Prof. Asger Svendsen at the Malm\u00f6 Academy of Music, Prof. Eckart H\u00fcbner at the UDK Berlin, and Prof. Ole Kristian Dahl at MUHO Mannheim.<\/p>\n<\/div><\/div>\n\n\n\n<div class=\"wp-block-media-text is-stacked-on-mobile\"><figure class=\"wp-block-media-text__media\"><img loading=\"lazy\" decoding=\"async\" width=\"1024\" height=\"1024\" src=\"https:\/\/atlascph.dk\/wp-content\/uploads\/2024\/09\/Classix-2023-Joke-Wijma-2-1024x1024.jpg\" alt=\"\" class=\"wp-image-324 size-full\" srcset=\"https:\/\/atlascph.dk\/wp-content\/uploads\/2024\/09\/Classix-2023-Joke-Wijma-2-1024x1024.jpg 1024w, https:\/\/atlascph.dk\/wp-content\/uploads\/2024\/09\/Classix-2023-Joke-Wijma-2-300x300.jpg 300w, https:\/\/atlascph.dk\/wp-content\/uploads\/2024\/09\/Classix-2023-Joke-Wijma-2-150x150.jpg 150w, https:\/\/atlascph.dk\/wp-content\/uploads\/2024\/09\/Classix-2023-Joke-Wijma-2-768x768.jpg 768w, https:\/\/atlascph.dk\/wp-content\/uploads\/2024\/09\/Classix-2023-Joke-Wijma-2.jpg 1080w\" sizes=\"auto, (max-width: 1024px) 100vw, 1024px\" \/><\/figure><div class=\"wp-block-media-text__content\">\n<p><\/p>\n\n\n\n<p><\/p>\n\n\n\n<p><\/p>\n\n\n\n<p class=\"has-text-align-left\"><strong>Joke Wijma, french horn<\/strong><\/p>\n\n\n\n<p>Joke is member of Esbjerg Ensemble since 2005.<\/p>\n\n\n\n<p>After studying with Frank Brouns and Hans Dullaert at the conservatory in Groningen, Joke Wijma continued her studies at the Hochschule f\u00fcr Musik und Theater in Hamburg, where the Dutch horn player Ab Koster was a professor. After graduating in 2004, she continued studying with Koster while also working as an intern with the Duisburg Philharmonic.<\/p>\n\n\n\n<p><\/p>\n\n\n\n<p><\/p>\n\n\n\n<p><\/p>\n\n\n\n<p><\/p>\n\n\n\n<p><\/p>\n\n\n\n<p><\/p>\n\n\n\n<p><\/p>\n\n\n\n<p><\/p>\n\n\n\n<p><\/p>\n<\/div><\/div>\n\n\n\n<p><\/p>\n\n\n\n<p><\/p>\n","protected":false},"excerpt":{"rendered":"<p>H\u00e9l\u00e8ne Navasse , flutesH\u00e9l\u00e8ne is flutist in Athelas Sinfonietta Copenhagen.She is former co-solo flutist from Aarhus Symphony Orchestra. She studied [&hellip;]<\/p>\n","protected":false},"author":1,"featured_media":0,"parent":0,"menu_order":0,"comment_status":"closed","ping_status":"closed","template":"","meta":{"site-sidebar-layout":"default","site-content-layout":"","ast-site-content-layout":"","site-content-style":"default","site-sidebar-style":"default","ast-global-header-display":"","ast-banner-title-visibility":"","ast-main-header-display":"","ast-hfb-above-header-display":"","ast-hfb-below-header-display":"","ast-hfb-mobile-header-display":"","site-post-title":"","ast-breadcrumbs-content":"","ast-featured-img":"","footer-sml-layout":"","theme-transparent-header-meta":"","adv-header-id-meta":"","stick-header-meta":"","header-above-stick-meta":"","header-main-stick-meta":"","header-below-stick-meta":"","astra-migrate-meta-layouts":"default","ast-page-background-enabled":"default","ast-page-background-meta":{"desktop":{"background-color":"var(--ast-global-color-4)","background-image":"","background-repeat":"repeat","background-position":"center center","background-size":"auto","background-attachment":"scroll","background-type":"","background-media":"","overlay-type":"","overlay-color":"","overlay-opacity":"","overlay-gradient":""},"tablet":{"background-color":"","background-image":"","background-repeat":"repeat","background-position":"center center","background-size":"auto","background-attachment":"scroll","background-type":"","background-media":"","overlay-type":"","overlay-color":"","overlay-opacity":"","overlay-gradient":""},"mobile":{"background-color":"","background-image":"","background-repeat":"repeat","background-position":"center center","background-size":"auto","background-attachment":"scroll","background-type":"","background-media":"","overlay-type":"","overlay-color":"","overlay-opacity":"","overlay-gradient":""}},"ast-content-background-meta":{"desktop":{"background-color":"var(--ast-global-color-5)","background-image":"","background-repeat":"repeat","background-position":"center center","background-size":"auto","background-attachment":"scroll","background-type":"","background-media":"","overlay-type":"","overlay-color":"","overlay-opacity":"","overlay-gradient":""},"tablet":{"background-color":"var(--ast-global-color-5)","background-image":"","background-repeat":"repeat","background-position":"center center","background-size":"auto","background-attachment":"scroll","background-type":"","background-media":"","overlay-type":"","overlay-color":"","overlay-opacity":"","overlay-gradient":""},"mobile":{"background-color":"var(--ast-global-color-5)","background-image":"","background-repeat":"repeat","background-position":"center center","background-size":"auto","background-attachment":"scroll","background-type":"","background-media":"","overlay-type":"","overlay-color":"","overlay-opacity":"","overlay-gradient":""}},"footnotes":""},"class_list":["post-259","page","type-page","status-publish","hentry"],"yoast_head":"<!-- This site is optimized with the Yoast SEO plugin v23.3 - https:\/\/yoast.com\/wordpress\/plugins\/seo\/ -->\n<title>members - Atlas CPH - fearless Woodwind Quintet<\/title>\n<meta name=\"description\" content=\"Five soloists from all other the world with a shared passion for chamber music, contemporary music ... and just simply great music \u2764\ufe0f\" \/>\n<meta name=\"robots\" content=\"index, follow, max-snippet:-1, max-image-preview:large, max-video-preview:-1\" \/>\n<link rel=\"canonical\" href=\"https:\/\/atlascph.dk\/?page_id=259\" \/>\n<meta property=\"og:locale\" content=\"en_US\" \/>\n<meta property=\"og:type\" content=\"article\" \/>\n<meta property=\"og:title\" content=\"members - Atlas CPH - fearless Woodwind Quintet\" \/>\n<meta property=\"og:description\" content=\"Five soloists from all other the world with a shared passion for chamber music, contemporary music ... and just simply great music \u2764\ufe0f\" \/>\n<meta property=\"og:url\" content=\"https:\/\/atlascph.dk\/?page_id=259\" \/>\n<meta property=\"og:site_name\" content=\"Atlas CPH - fearless Woodwind Quintet\" \/>\n<meta property=\"article:modified_time\" content=\"2026-01-28T11:16:01+00:00\" \/>\n<meta property=\"og:image\" content=\"https:\/\/atlascph.dk\/wp-content\/uploads\/2024\/08\/HeleneNavasse-1024x791.png\" \/>\n<meta name=\"twitter:card\" content=\"summary_large_image\" \/>\n<meta name=\"twitter:label1\" content=\"Est. reading time\" \/>\n\t<meta name=\"twitter:data1\" content=\"4 minutes\" \/>\n<script type=\"application\/ld+json\" class=\"yoast-schema-graph\">{\"@context\":\"https:\/\/schema.org\",\"@graph\":[{\"@type\":\"WebPage\",\"@id\":\"https:\/\/atlascph.dk\/?page_id=259\",\"url\":\"https:\/\/atlascph.dk\/?page_id=259\",\"name\":\"members - Atlas CPH - fearless Woodwind Quintet\",\"isPartOf\":{\"@id\":\"https:\/\/atlascph.dk\/#website\"},\"primaryImageOfPage\":{\"@id\":\"https:\/\/atlascph.dk\/?page_id=259#primaryimage\"},\"image\":{\"@id\":\"https:\/\/atlascph.dk\/?page_id=259#primaryimage\"},\"thumbnailUrl\":\"https:\/\/atlascph.dk\/wp-content\/uploads\/2024\/08\/HeleneNavasse-1024x791.png\",\"datePublished\":\"2024-08-31T15:17:46+00:00\",\"dateModified\":\"2026-01-28T11:16:01+00:00\",\"description\":\"Five soloists from all other the world with a shared passion for chamber music, contemporary music ... and just simply great music \u2764\ufe0f\",\"breadcrumb\":{\"@id\":\"https:\/\/atlascph.dk\/?page_id=259#breadcrumb\"},\"inLanguage\":\"en-US\",\"potentialAction\":[{\"@type\":\"ReadAction\",\"target\":[\"https:\/\/atlascph.dk\/?page_id=259\"]}]},{\"@type\":\"ImageObject\",\"inLanguage\":\"en-US\",\"@id\":\"https:\/\/atlascph.dk\/?page_id=259#primaryimage\",\"url\":\"https:\/\/atlascph.dk\/wp-content\/uploads\/2024\/08\/HeleneNavasse.png\",\"contentUrl\":\"https:\/\/atlascph.dk\/wp-content\/uploads\/2024\/08\/HeleneNavasse.png\",\"width\":2156,\"height\":1666},{\"@type\":\"BreadcrumbList\",\"@id\":\"https:\/\/atlascph.dk\/?page_id=259#breadcrumb\",\"itemListElement\":[{\"@type\":\"ListItem\",\"position\":1,\"name\":\"Home\",\"item\":\"https:\/\/atlascph.dk\/\"},{\"@type\":\"ListItem\",\"position\":2,\"name\":\"members\"}]},{\"@type\":\"WebSite\",\"@id\":\"https:\/\/atlascph.dk\/#website\",\"url\":\"https:\/\/atlascph.dk\/\",\"name\":\"Atlas CPH - fearless Woodwind Quintet\",\"description\":\"Fearless Woodwind Quintet\",\"publisher\":{\"@id\":\"https:\/\/atlascph.dk\/#organization\"},\"potentialAction\":[{\"@type\":\"SearchAction\",\"target\":{\"@type\":\"EntryPoint\",\"urlTemplate\":\"https:\/\/atlascph.dk\/?s={search_term_string}\"},\"query-input\":\"required name=search_term_string\"}],\"inLanguage\":\"en-US\"},{\"@type\":\"Organization\",\"@id\":\"https:\/\/atlascph.dk\/#organization\",\"name\":\"Atlas CPH\",\"url\":\"https:\/\/atlascph.dk\/\",\"logo\":{\"@type\":\"ImageObject\",\"inLanguage\":\"en-US\",\"@id\":\"https:\/\/atlascph.dk\/#\/schema\/logo\/image\/\",\"url\":\"https:\/\/atlascph.dk\/wp-content\/uploads\/2024\/08\/cropped-20231018-DSCF1045-scaled-1.jpg\",\"contentUrl\":\"https:\/\/atlascph.dk\/wp-content\/uploads\/2024\/08\/cropped-20231018-DSCF1045-scaled-1.jpg\",\"width\":512,\"height\":512,\"caption\":\"Atlas CPH\"},\"image\":{\"@id\":\"https:\/\/atlascph.dk\/#\/schema\/logo\/image\/\"}}]}<\/script>\n<!-- \/ Yoast SEO plugin. -->","yoast_head_json":{"title":"members - Atlas CPH - fearless Woodwind Quintet","description":"Five soloists from all other the world with a shared passion for chamber music, contemporary music ... and just simply great music \u2764\ufe0f","robots":{"index":"index","follow":"follow","max-snippet":"max-snippet:-1","max-image-preview":"max-image-preview:large","max-video-preview":"max-video-preview:-1"},"canonical":"https:\/\/atlascph.dk\/?page_id=259","og_locale":"en_US","og_type":"article","og_title":"members - Atlas CPH - fearless Woodwind Quintet","og_description":"Five soloists from all other the world with a shared passion for chamber music, contemporary music ... and just simply great music \u2764\ufe0f","og_url":"https:\/\/atlascph.dk\/?page_id=259","og_site_name":"Atlas CPH - fearless Woodwind Quintet","article_modified_time":"2026-01-28T11:16:01+00:00","og_image":[{"url":"https:\/\/atlascph.dk\/wp-content\/uploads\/2024\/08\/HeleneNavasse-1024x791.png"}],"twitter_card":"summary_large_image","twitter_misc":{"Est. reading time":"4 minutes"},"schema":{"@context":"https:\/\/schema.org","@graph":[{"@type":"WebPage","@id":"https:\/\/atlascph.dk\/?page_id=259","url":"https:\/\/atlascph.dk\/?page_id=259","name":"members - Atlas CPH - fearless Woodwind Quintet","isPartOf":{"@id":"https:\/\/atlascph.dk\/#website"},"primaryImageOfPage":{"@id":"https:\/\/atlascph.dk\/?page_id=259#primaryimage"},"image":{"@id":"https:\/\/atlascph.dk\/?page_id=259#primaryimage"},"thumbnailUrl":"https:\/\/atlascph.dk\/wp-content\/uploads\/2024\/08\/HeleneNavasse-1024x791.png","datePublished":"2024-08-31T15:17:46+00:00","dateModified":"2026-01-28T11:16:01+00:00","description":"Five soloists from all other the world with a shared passion for chamber music, contemporary music ... and just simply great music \u2764\ufe0f","breadcrumb":{"@id":"https:\/\/atlascph.dk\/?page_id=259#breadcrumb"},"inLanguage":"en-US","potentialAction":[{"@type":"ReadAction","target":["https:\/\/atlascph.dk\/?page_id=259"]}]},{"@type":"ImageObject","inLanguage":"en-US","@id":"https:\/\/atlascph.dk\/?page_id=259#primaryimage","url":"https:\/\/atlascph.dk\/wp-content\/uploads\/2024\/08\/HeleneNavasse.png","contentUrl":"https:\/\/atlascph.dk\/wp-content\/uploads\/2024\/08\/HeleneNavasse.png","width":2156,"height":1666},{"@type":"BreadcrumbList","@id":"https:\/\/atlascph.dk\/?page_id=259#breadcrumb","itemListElement":[{"@type":"ListItem","position":1,"name":"Home","item":"https:\/\/atlascph.dk\/"},{"@type":"ListItem","position":2,"name":"members"}]},{"@type":"WebSite","@id":"https:\/\/atlascph.dk\/#website","url":"https:\/\/atlascph.dk\/","name":"Atlas CPH - fearless Woodwind Quintet","description":"Fearless Woodwind Quintet","publisher":{"@id":"https:\/\/atlascph.dk\/#organization"},"potentialAction":[{"@type":"SearchAction","target":{"@type":"EntryPoint","urlTemplate":"https:\/\/atlascph.dk\/?s={search_term_string}"},"query-input":"required name=search_term_string"}],"inLanguage":"en-US"},{"@type":"Organization","@id":"https:\/\/atlascph.dk\/#organization","name":"Atlas CPH","url":"https:\/\/atlascph.dk\/","logo":{"@type":"ImageObject","inLanguage":"en-US","@id":"https:\/\/atlascph.dk\/#\/schema\/logo\/image\/","url":"https:\/\/atlascph.dk\/wp-content\/uploads\/2024\/08\/cropped-20231018-DSCF1045-scaled-1.jpg","contentUrl":"https:\/\/atlascph.dk\/wp-content\/uploads\/2024\/08\/cropped-20231018-DSCF1045-scaled-1.jpg","width":512,"height":512,"caption":"Atlas CPH"},"image":{"@id":"https:\/\/atlascph.dk\/#\/schema\/logo\/image\/"}}]}},"_links":{"self":[{"href":"https:\/\/atlascph.dk\/index.php?rest_route=\/wp\/v2\/pages\/259","targetHints":{"allow":["GET"]}}],"collection":[{"href":"https:\/\/atlascph.dk\/index.php?rest_route=\/wp\/v2\/pages"}],"about":[{"href":"https:\/\/atlascph.dk\/index.php?rest_route=\/wp\/v2\/types\/page"}],"author":[{"embeddable":true,"href":"https:\/\/atlascph.dk\/index.php?rest_route=\/wp\/v2\/users\/1"}],"replies":[{"embeddable":true,"href":"https:\/\/atlascph.dk\/index.php?rest_route=%2Fwp%2Fv2%2Fcomments&post=259"}],"version-history":[{"count":20,"href":"https:\/\/atlascph.dk\/index.php?rest_route=\/wp\/v2\/pages\/259\/revisions"}],"predecessor-version":[{"id":394,"href":"https:\/\/atlascph.dk\/index.php?rest_route=\/wp\/v2\/pages\/259\/revisions\/394"}],"wp:attachment":[{"href":"https:\/\/atlascph.dk\/index.php?rest_route=%2Fwp%2Fv2%2Fmedia&parent=259"}],"curies":[{"name":"wp","href":"https:\/\/api.w.org\/{rel}","templated":true}]}}